{"id":651,"date":"2021-06-14T18:44:21","date_gmt":"2021-06-14T18:44:21","guid":{"rendered":"https:\/\/gatta-schuhe.steinig.biz\/gatta-schuhe\/?post_type=product&#038;p=651"},"modified":"2024-05-03T12:59:56","modified_gmt":"2024-05-03T11:59:56","slug":"borgomediceo-2","status":"publish","type":"product","link":"https:\/\/gatta-berlin.de\/index.php\/produkt\/borgomediceo-2\/","title":{"rendered":"Zenith"},"content":{"rendered":"<p>Material: 100% Leder<\/p>\n<p>Schafth\u00f6he: 10cm<\/p>\n<p>Absatzh\u00f6he: 2,5cm<\/p>\n<p>Sohle: Gummi<\/p>\n<p>Info: Die Schuhe fallen gr\u00f6\u00dfer aus.<\/p>\n","protected":false},"excerpt":{"rendered":"<p>Material: 100% Leder Schafth\u00f6he: 10cm Absatzh\u00f6he: 2,5cm Sohle: Gummi Info: Die Schuhe fallen gr\u00f6\u00dfer aus.<\/p>\n","protected":false},"featured_media":421,"template":"","meta":[],"product_brand":[],"product_cat":[52,20,25,16],"product_tag":[],"class_list":{"0":"post-651","1":"product","2":"type-product","3":"status-publish","4":"has-post-thumbnail","6":"product_cat-chelsea_boots_herren","7":"product_cat-herren","8":"product_cat-schnuerschuhe","9":"product_cat-schuhe","11":"first","12":"instock","13":"sale","14":"taxable","15":"shipping-taxable","16":"purchasable","17":"product-type-variable"},"jetpack_sharing_enabled":true,"_links":{"self":[{"href":"https:\/\/gatta-berlin.de\/index.php\/wp-json\/wp\/v2\/product\/651","targetHints":{"allow":["GET"]}}],"collection":[{"href":"https:\/\/gatta-berlin.de\/index.php\/wp-json\/wp\/v2\/product"}],"about":[{"href":"https:\/\/gatta-berlin.de\/index.php\/wp-json\/wp\/v2\/types\/product"}],"wp:featuredmedia":[{"embeddable":true,"href":"https:\/\/gatta-berlin.de\/index.php\/wp-json\/wp\/v2\/media\/421"}],"wp:attachment":[{"href":"https:\/\/gatta-berlin.de\/index.php\/wp-json\/wp\/v2\/media?parent=651"}],"wp:term":[{"taxonomy":"product_brand","embeddable":true,"href":"https:\/\/gatta-berlin.de\/index.php\/wp-json\/wp\/v2\/product_brand?post=651"},{"taxonomy":"product_cat","embeddable":true,"href":"https:\/\/gatta-berlin.de\/index.php\/wp-json\/wp\/v2\/product_cat?post=651"},{"taxonomy":"product_tag","embeddable":true,"href":"https:\/\/gatta-berlin.de\/index.php\/wp-json\/wp\/v2\/product_tag?post=651"}],"curies":[{"name":"wp","href":"https:\/\/api.w.org\/{rel}","templated":true}]}}