{"id":1355,"date":"2021-07-22T09:42:31","date_gmt":"2021-07-22T09:42:31","guid":{"rendered":"https:\/\/gatta-schuhe.steinig.biz\/gatta-schuhe\/?post_type=product&#038;p=1355"},"modified":"2021-11-25T11:41:11","modified_gmt":"2021-11-25T11:41:11","slug":"rocco_p_m5","status":"publish","type":"product","link":"https:\/\/gatta-berlin.de\/index.php\/produkt\/rocco_p_m5\/","title":{"rendered":"Rocco P"},"content":{"rendered":"<p>Material: 100 % Leder<\/p>\n<p>Schafth\u00f6he: 6,5cm<\/p>\n<p>Absatzh\u00f6he: 1cm<\/p>\n<p>Sohle: Leder<\/p>\n<p>Info: Die Schuhe fallen gr\u00f6\u00dfer aus. (Gr. 45)<\/p>\n<p>&nbsp;<\/p>\n","protected":false},"excerpt":{"rendered":"<p>Material: 100 % Leder Schafth\u00f6he: 6,5cm Absatzh\u00f6he: 1cm Sohle: Leder Info: Die Schuhe fallen gr\u00f6\u00dfer aus. (Gr. 45) &nbsp;<\/p>\n","protected":false},"featured_media":1298,"template":"","meta":[],"product_brand":[],"product_cat":[92,20,16,93],"product_tag":[],"class_list":{"0":"post-1355","1":"product","2":"type-product","3":"status-publish","4":"has-post-thumbnail","6":"product_cat-halbschuhe-herren","7":"product_cat-herren","8":"product_cat-schuhe","9":"product_cat-slipper-herren","11":"first","12":"instock","13":"sale","14":"taxable","15":"shipping-taxable","16":"purchasable","17":"product-type-variable"},"jetpack_sharing_enabled":true,"_links":{"self":[{"href":"https:\/\/gatta-berlin.de\/index.php\/wp-json\/wp\/v2\/product\/1355","targetHints":{"allow":["GET"]}}],"collection":[{"href":"https:\/\/gatta-berlin.de\/index.php\/wp-json\/wp\/v2\/product"}],"about":[{"href":"https:\/\/gatta-berlin.de\/index.php\/wp-json\/wp\/v2\/types\/product"}],"wp:featuredmedia":[{"embeddable":true,"href":"https:\/\/gatta-berlin.de\/index.php\/wp-json\/wp\/v2\/media\/1298"}],"wp:attachment":[{"href":"https:\/\/gatta-berlin.de\/index.php\/wp-json\/wp\/v2\/media?parent=1355"}],"wp:term":[{"taxonomy":"product_brand","embeddable":true,"href":"https:\/\/gatta-berlin.de\/index.php\/wp-json\/wp\/v2\/product_brand?post=1355"},{"taxonomy":"product_cat","embeddable":true,"href":"https:\/\/gatta-berlin.de\/index.php\/wp-json\/wp\/v2\/product_cat?post=1355"},{"taxonomy":"product_tag","embeddable":true,"href":"https:\/\/gatta-berlin.de\/index.php\/wp-json\/wp\/v2\/product_tag?post=1355"}],"curies":[{"name":"wp","href":"https:\/\/api.w.org\/{rel}","templated":true}]}}