{"id":1290,"date":"2021-07-19T17:22:23","date_gmt":"2021-07-19T17:22:23","guid":{"rendered":"https:\/\/gatta-schuhe.steinig.biz\/gatta-schuhe\/?post_type=product&#038;p=1290"},"modified":"2025-05-20T16:46:21","modified_gmt":"2025-05-20T15:46:21","slug":"rocco_p_f17","status":"publish","type":"product","link":"https:\/\/gatta-berlin.de\/index.php\/produkt\/rocco_p_f17\/","title":{"rendered":"Rocco P"},"content":{"rendered":"<p>Material: 100% Leder<\/p>\n<p>Schafth\u00f6he: 5,5cm<\/p>\n<p>Absatzh\u00f6he: 2,5cm<\/p>\n<p>Sohle: Leder<\/p>\n<p>Info: Die Schuhe fallen gr\u00f6\u00dfer aus.<\/p>\n","protected":false},"excerpt":{"rendered":"<p>Material: 100% Leder Schafth\u00f6he: 5,5cm Absatzh\u00f6he: 2,5cm Sohle: Leder Info: Die Schuhe fallen gr\u00f6\u00dfer aus.<\/p>\n","protected":false},"featured_media":1067,"template":"","meta":[],"product_brand":[],"product_cat":[19,94,16],"product_tag":[],"class_list":{"0":"post-1290","1":"product","2":"type-product","3":"status-publish","4":"has-post-thumbnail","6":"product_cat-damen","7":"product_cat-schnuerschuhe-damen","8":"product_cat-schuhe","10":"first","11":"instock","12":"taxable","13":"shipping-taxable","14":"product-type-variable"},"jetpack_sharing_enabled":true,"_links":{"self":[{"href":"https:\/\/gatta-berlin.de\/index.php\/wp-json\/wp\/v2\/product\/1290","targetHints":{"allow":["GET"]}}],"collection":[{"href":"https:\/\/gatta-berlin.de\/index.php\/wp-json\/wp\/v2\/product"}],"about":[{"href":"https:\/\/gatta-berlin.de\/index.php\/wp-json\/wp\/v2\/types\/product"}],"wp:featuredmedia":[{"embeddable":true,"href":"https:\/\/gatta-berlin.de\/index.php\/wp-json\/wp\/v2\/media\/1067"}],"wp:attachment":[{"href":"https:\/\/gatta-berlin.de\/index.php\/wp-json\/wp\/v2\/media?parent=1290"}],"wp:term":[{"taxonomy":"product_brand","embeddable":true,"href":"https:\/\/gatta-berlin.de\/index.php\/wp-json\/wp\/v2\/product_brand?post=1290"},{"taxonomy":"product_cat","embeddable":true,"href":"https:\/\/gatta-berlin.de\/index.php\/wp-json\/wp\/v2\/product_cat?post=1290"},{"taxonomy":"product_tag","embeddable":true,"href":"https:\/\/gatta-berlin.de\/index.php\/wp-json\/wp\/v2\/product_tag?post=1290"}],"curies":[{"name":"wp","href":"https:\/\/api.w.org\/{rel}","templated":true}]}}