{"id":1275,"date":"2021-07-19T17:03:43","date_gmt":"2021-07-19T17:03:43","guid":{"rendered":"https:\/\/gatta-schuhe.steinig.biz\/gatta-schuhe\/?post_type=product&#038;p=1275"},"modified":"2021-11-23T14:30:57","modified_gmt":"2021-11-23T14:30:57","slug":"rocco_p_f12","status":"publish","type":"product","link":"https:\/\/gatta-berlin.de\/index.php\/produkt\/rocco_p_f12\/","title":{"rendered":"Rocco P"},"content":{"rendered":"<p>Material: 100% Leder<\/p>\n<p>Schafth\u00f6he: 6,5 cm<\/p>\n<p>Plateau: 2cm<\/p>\n<p>Sohle: Gummi<\/p>\n<p>Info: Die Schuhe fallen gr\u00f6\u00dfer aus. (Gr. 39)<\/p>\n","protected":false},"excerpt":{"rendered":"<p>Material: 100% Leder Schafth\u00f6he: 6,5 cm Plateau: 2cm Sohle: Gummi Info: Die Schuhe fallen gr\u00f6\u00dfer aus. (Gr. 39)<\/p>\n","protected":false},"featured_media":1037,"template":"","meta":[],"product_brand":[],"product_cat":[19,57,16,49],"product_tag":[],"class_list":{"0":"post-1275","1":"product","2":"type-product","3":"status-publish","4":"has-post-thumbnail","6":"product_cat-damen","7":"product_cat-halbschuhe_damen","8":"product_cat-schuhe","9":"product_cat-slipper","11":"first","12":"instock","13":"sale","14":"taxable","15":"shipping-taxable","16":"purchasable","17":"product-type-variable"},"jetpack_sharing_enabled":true,"_links":{"self":[{"href":"https:\/\/gatta-berlin.de\/index.php\/wp-json\/wp\/v2\/product\/1275","targetHints":{"allow":["GET"]}}],"collection":[{"href":"https:\/\/gatta-berlin.de\/index.php\/wp-json\/wp\/v2\/product"}],"about":[{"href":"https:\/\/gatta-berlin.de\/index.php\/wp-json\/wp\/v2\/types\/product"}],"wp:featuredmedia":[{"embeddable":true,"href":"https:\/\/gatta-berlin.de\/index.php\/wp-json\/wp\/v2\/media\/1037"}],"wp:attachment":[{"href":"https:\/\/gatta-berlin.de\/index.php\/wp-json\/wp\/v2\/media?parent=1275"}],"wp:term":[{"taxonomy":"product_brand","embeddable":true,"href":"https:\/\/gatta-berlin.de\/index.php\/wp-json\/wp\/v2\/product_brand?post=1275"},{"taxonomy":"product_cat","embeddable":true,"href":"https:\/\/gatta-berlin.de\/index.php\/wp-json\/wp\/v2\/product_cat?post=1275"},{"taxonomy":"product_tag","embeddable":true,"href":"https:\/\/gatta-berlin.de\/index.php\/wp-json\/wp\/v2\/product_tag?post=1275"}],"curies":[{"name":"wp","href":"https:\/\/api.w.org\/{rel}","templated":true}]}}