{"id":1269,"date":"2021-07-19T16:30:57","date_gmt":"2021-07-19T16:30:57","guid":{"rendered":"https:\/\/gatta-schuhe.steinig.biz\/gatta-schuhe\/?post_type=product&#038;p=1269"},"modified":"2021-11-23T13:59:14","modified_gmt":"2021-11-23T13:59:14","slug":"rocco_p_f9","status":"publish","type":"product","link":"https:\/\/gatta-berlin.de\/index.php\/produkt\/rocco_p_f9\/","title":{"rendered":"Rocco P"},"content":{"rendered":"<p>Material: 100% Leder<\/p>\n<p>Schafth\u00f6he: 6cm<\/p>\n<p>Absatzh\u00f6he: 3,5cm<\/p>\n<p>Sohle: Gummi<\/p>\n<p>Info: Die Schuhe fallen gr\u00f6\u00dfer aus. (Gr.38)<\/p>\n","protected":false},"excerpt":{"rendered":"<p>Material: 100% Leder Schafth\u00f6he: 6cm Absatzh\u00f6he: 3,5cm Sohle: Gummi Info: Die Schuhe fallen gr\u00f6\u00dfer aus. (Gr.38)<\/p>\n","protected":false},"featured_media":1019,"template":"","meta":[],"product_brand":[],"product_cat":[19,94,16],"product_tag":[],"class_list":{"0":"post-1269","1":"product","2":"type-product","3":"status-publish","4":"has-post-thumbnail","6":"product_cat-damen","7":"product_cat-schnuerschuhe-damen","8":"product_cat-schuhe","10":"first","11":"instock","12":"sale","13":"taxable","14":"shipping-taxable","15":"purchasable","16":"product-type-variable"},"jetpack_sharing_enabled":true,"_links":{"self":[{"href":"https:\/\/gatta-berlin.de\/index.php\/wp-json\/wp\/v2\/product\/1269","targetHints":{"allow":["GET"]}}],"collection":[{"href":"https:\/\/gatta-berlin.de\/index.php\/wp-json\/wp\/v2\/product"}],"about":[{"href":"https:\/\/gatta-berlin.de\/index.php\/wp-json\/wp\/v2\/types\/product"}],"wp:featuredmedia":[{"embeddable":true,"href":"https:\/\/gatta-berlin.de\/index.php\/wp-json\/wp\/v2\/media\/1019"}],"wp:attachment":[{"href":"https:\/\/gatta-berlin.de\/index.php\/wp-json\/wp\/v2\/media?parent=1269"}],"wp:term":[{"taxonomy":"product_brand","embeddable":true,"href":"https:\/\/gatta-berlin.de\/index.php\/wp-json\/wp\/v2\/product_brand?post=1269"},{"taxonomy":"product_cat","embeddable":true,"href":"https:\/\/gatta-berlin.de\/index.php\/wp-json\/wp\/v2\/product_cat?post=1269"},{"taxonomy":"product_tag","embeddable":true,"href":"https:\/\/gatta-berlin.de\/index.php\/wp-json\/wp\/v2\/product_tag?post=1269"}],"curies":[{"name":"wp","href":"https:\/\/api.w.org\/{rel}","templated":true}]}}