{"id":1247,"date":"2021-07-19T15:22:17","date_gmt":"2021-07-19T15:22:17","guid":{"rendered":"https:\/\/gatta-schuhe.steinig.biz\/gatta-schuhe\/?post_type=product&#038;p=1247"},"modified":"2021-11-25T12:07:39","modified_gmt":"2021-11-25T12:07:39","slug":"rocco_p_m4","status":"publish","type":"product","link":"https:\/\/gatta-berlin.de\/index.php\/produkt\/rocco_p_m4\/","title":{"rendered":"Rocco P"},"content":{"rendered":"<p>Material: 100% Leder<\/p>\n<p>Schafth\u00f6he: 6,5cm<\/p>\n<p>Absatzh\u00f6he: 2,5cm<\/p>\n<p>Sohle: Leder<\/p>\n<p>Info: Die Schuhe fallen gr\u00f6\u00dfer aus. (Gr.43)<\/p>\n","protected":false},"excerpt":{"rendered":"<p>Material: 100% Leder Schafth\u00f6he: 6,5cm Absatzh\u00f6he: 2,5cm Sohle: Leder Info: Die Schuhe fallen gr\u00f6\u00dfer aus. (Gr.43)<\/p>\n","protected":false},"featured_media":1139,"template":"","meta":[],"product_brand":[],"product_cat":[20,16,93],"product_tag":[],"class_list":{"0":"post-1247","1":"product","2":"type-product","3":"status-publish","4":"has-post-thumbnail","6":"product_cat-herren","7":"product_cat-schuhe","8":"product_cat-slipper-herren","10":"first","11":"instock","12":"sale","13":"taxable","14":"shipping-taxable","15":"purchasable","16":"product-type-variable"},"jetpack_sharing_enabled":true,"_links":{"self":[{"href":"https:\/\/gatta-berlin.de\/index.php\/wp-json\/wp\/v2\/product\/1247","targetHints":{"allow":["GET"]}}],"collection":[{"href":"https:\/\/gatta-berlin.de\/index.php\/wp-json\/wp\/v2\/product"}],"about":[{"href":"https:\/\/gatta-berlin.de\/index.php\/wp-json\/wp\/v2\/types\/product"}],"wp:featuredmedia":[{"embeddable":true,"href":"https:\/\/gatta-berlin.de\/index.php\/wp-json\/wp\/v2\/media\/1139"}],"wp:attachment":[{"href":"https:\/\/gatta-berlin.de\/index.php\/wp-json\/wp\/v2\/media?parent=1247"}],"wp:term":[{"taxonomy":"product_brand","embeddable":true,"href":"https:\/\/gatta-berlin.de\/index.php\/wp-json\/wp\/v2\/product_brand?post=1247"},{"taxonomy":"product_cat","embeddable":true,"href":"https:\/\/gatta-berlin.de\/index.php\/wp-json\/wp\/v2\/product_cat?post=1247"},{"taxonomy":"product_tag","embeddable":true,"href":"https:\/\/gatta-berlin.de\/index.php\/wp-json\/wp\/v2\/product_tag?post=1247"}],"curies":[{"name":"wp","href":"https:\/\/api.w.org\/{rel}","templated":true}]}}