{"id":155,"date":"2021-05-16T16:09:31","date_gmt":"2021-05-16T16:09:31","guid":{"rendered":"https:\/\/gatta-schuhe.steinig.biz\/gatta-schuhe\/index.php\/agb\/"},"modified":"2021-11-29T09:30:14","modified_gmt":"2021-11-29T09:30:14","slug":"agb","status":"publish","type":"page","link":"https:\/\/gatta-berlin.de\/index.php\/agb\/","title":{"rendered":"AGB"},"content":{"rendered":"\n<p><strong>Geltungsbereich<br><\/strong>F\u00fcr alle Lieferungen von www.gatta-berlin.de an Verbraucher gelten diese Allgemeinen Gesch\u00e4ftsbedingungen (AGB).<br>Verbraucher ist jede nat\u00fcrliche Person, die ein Rechtsgesch\u00e4ft zu einem Zwecke abschlie\u00dft, der \u00fcberwiegend weder ihrer gewerblichen noch ihrer selbstst\u00e4ndigen beruflichen T\u00e4tigkeit zugerechnet werden kann.<br><br><\/p>\n\n\n\n<p><strong>Vertragspartner<br><\/strong>Der Kaufvertrag kommt zustande mit www.gatta-berlin.de Inhaber: Mariella Gatta, Bergmannstra\u00dfe 15, 10961 Berlin<br><\/p>\n\n\n\n<p><strong>Vertragsschluss<\/strong><\/p>\n\n\n\n<p>Die Darstellung der Produkte im Online-Shop stellt kein rechtlich bindendes Angebot, sondern nur eine Aufforderung zur Bestellung dar.<\/p>\n\n\n\n<p>Durch Anklicken des Buttons [Kaufen\/kostenpflichtig bestellen] geben Sie eine verbindliche Bestellung der auf der Bestellseite aufgelisteten Waren ab. Ihr Kaufvertrag kommt zustande, wenn wir Ihre Bestellung durch eine Auftragsbest\u00e4tigung per E-Mail unmittelbar nach dem Erhalt Ihrer Bestellung annehmen.<br><\/p>\n\n\n\n<p><strong>Widerrufsrecht<\/strong><\/p>\n\n\n\n<p>Wenn Sie Verbraucher sind (also eine nat\u00fcrliche Person, die die Bestellung zu einem Zweck abgibt, der weder Ihrer gewerblichen oder selbst\u00e4ndigen beruflichen T\u00e4tigkeit zugerechnet werden kann), steht Ihnen nach Ma\u00dfgabe der gesetzlichen Bestimmungen ein Widerrufsrecht zu.<\/p>\n\n\n\n<p>Machen Sie als Verbraucher von Ihrem Widerrufsrecht nach Ziffer 4.1 Gebrauch, so haben Sie die regelm\u00e4\u00dfigen Kosten der R\u00fccksendung zu tragen.<\/p>\n\n\n\n<p>Im \u00dcbrigen gelten f\u00fcr das Widerrufsrecht die Regelungen, die im Einzelnen wiedergegeben sind in der folgenden<br><br><\/p>\n\n\n\n<p><strong>Widerrufsbelehrung<br><br>Widerrufsrecht<br><\/strong>Sie haben das Recht, binnen vierzehn Tagen ohne Angabe von Gr\u00fcnden diesen Vertrag zu widerrufen.<br>Die Widerrufsfrist betr\u00e4gt vierzehn Tage ab dem Tag an dem Sie oder ein von Ihnen benannter Dritter, der nicht der Bef\u00f6rderer ist, die Waren in Besitz genommen haben bzw. hat.<br>Um Ihr Widerrufsrecht auszu\u00fcben, m\u00fcssen Sie uns [Name des Unternehmers, Anschrift und, soweit verf\u00fcgbar Telefonnummer, Telefaxnummer und E-Mail Adresse eintragen] mittels einer eindeutigen Erkl\u00e4rung (zB ein mit der Post versandter Brief, Telefax oder E-Mail) \u00fcber Ihren Entschluss, diesen Vertrag zu widerrufen, informieren. Sie k\u00f6nnen daf\u00fcr das beigef\u00fcgte Muster-Widerrufsformular verwenden, das jedoch nicht vorgeschrieben ist. Sie k\u00f6nnen das Muster- Widerrufsformular oder eine andere eindeutige Erkl\u00e4rung auch auf unserer Webseite (Internet-Adresse einf\u00fcgen) elektronisch ausf\u00fcllen und \u00fcbermitteln. Machen Sie von dieser M\u00f6glichkeit Gebrauch, so werden wir Ihnen unverz\u00fcglich (zB per E-Mail) eine Best\u00e4tigung \u00fcber den Eingang eines solchen Widerrufs \u00fcbermitteln.<br>Zur Wahrung der Widerrufsfrist reicht es aus, dass Sie die Mitteilung \u00fcber die Aus\u00fcbung des Widerrufsrechts vor Ablauf der Widerrufsfrist absenden.<br><br><strong>Folgen des Widerrufs<\/strong><br>Wenn Sie diesen Vertrag widerrufen, haben wir Ihnen alle Zahlungen, die wir von Ihnen erhalten haben, einschlie\u00dflich der Lieferkosten (mit Ausnahme der zus\u00e4tzlichen Kosten, die sich daraus ergeben, dass Sie eine andere Art der Lieferung als die von uns angebotene, g\u00fcnstigste Standardlieferung gew\u00e4hlt haben), unverz\u00fcglich und sp\u00e4testens binnen vierzehn Tagen ab dem Tag zur\u00fcckzuzahlen, an dem die Mitteilung \u00fcber Ihren Widerruf dieses Vertrags bei uns eingegangen ist. F\u00fcr diese R\u00fcckzahlung verwenden wir dasselbe Zahlungsmittel, das Sie bei der urspr\u00fcnglichen Transaktion eingesetzt haben, es sei denn, mit Ihnen wurde ausdr\u00fccklich etwas anderes vereinbart; in keinem Fall werden Ihnen wegen dieser R\u00fcckzahlung Entgelte berechnet. Wir k\u00f6nnen die R\u00fcckzahlung verweigern, bis wir die Waren wieder zur\u00fcckerhalten haben oder bis Sie den Nachweis erbracht haben, dass Sie die Waren zur\u00fcckgesandt haben, je nachdem, welches der fr\u00fchere Zeitpunkt ist.<br><br>Sie haben die Waren unverz\u00fcglich und in jedem Fall sp\u00e4testens binnen vierzehn Tagen ab dem Tag, an dem Sie uns \u00fcber den Widerruf dieses Vertrages unterrichten, an uns oder an (hier sind gegebenenfalls der Name und die Anschrift der von Ihnen zur Entgegennahme der Ware erm\u00e4chtigten Person einzuf\u00fcgen) zur\u00fcckzusenden oder zu \u00fcbergeben. Die Frist ist gewahrt, wenn Sie die Waren vor Ablauf der Frist von vierzehn Tagen absenden.<br><br>Sie tragen die unmittelbaren Kosten der R\u00fccksendung der Waren.<br><br>Sie m\u00fcssen f\u00fcr einen etwaigen Wertverlust der Waren nur aufkommen, wenn dieser Wertverlust auf einen zur Pr\u00fcfung der Beschaffenheit, Eigenschaften und Funktionsweise der Waren nicht notwendigen Umgang mit ihnen zur\u00fcckzuf\u00fchren ist.<br><\/p>\n\n\n\n<p><strong>&#8211; Ende der Widerrufsbelehrung &#8211;<br><br><\/strong><br><\/p>\n\n\n\n<p><strong>Preise und Versandkosten<\/strong><\/p>\n\n\n\n<p>Die auf den Produktseiten genannten Preise enthalten die gesetzliche Mehrwertsteuer und sonstige Preisbestandteile.<\/p>\n\n\n\n<p>Zus\u00e4tzlich zu den angegebenen Preisen berechnen wir f\u00fcr die Lieferung innerhalb Deutschlands pauschal 5,00 Euro pro Bestellung. Sendungen ins Ausland und\/oder gr\u00f6\u00dferen Artikeln, z.B. Stiefeln, k\u00f6nnen diesen Preis erh\u00f6hen. Die Versandkosten werden Ihnen auf den Produktseiten, im Warenkorbsystem und auf der Bestellseite in jedem Fall nochmals deutlich mitgeteilt.<br><\/p>\n\n\n\n<p><strong>Lieferung<\/strong><\/p>\n\n\n\n<p>Die Lieferung erfolgt mit DPD.<\/p>\n\n\n\n<p>Die Lieferzeit betr\u00e4gt innerhalb Deutschlands bis zu 3 Tage. Sendungen in die EU oder weltweit k\u00f6nnen auch l\u00e4ngere Zeit beanspruchen. Auf eventuell abweichende Lieferzeiten weisen wir auf der jeweiligen Produktseite hin.<br><\/p>\n\n\n\n<p><strong>Zahlung<\/strong><\/p>\n\n\n\n<p>Die Zahlung erfolgt wahlweise per Vorkasse ,PayPal oder Kreditkarte.<\/p>\n\n\n\n<p>Bei Auswahl der Zahlungsart Vorkasse nennen wir Ihnen unsere Bankverbindung in der Auftragsbest\u00e4tigung und liefern die Ware nach Zahlungseingang.<br><\/p>\n\n\n\n<p><strong>Eigentumsvorbehalt<br><\/strong>Bis zur vollst\u00e4ndigen Zahlung bleibt die Ware unser Eigentum.<br><\/p>\n\n\n\n<p><strong>Streitbeilegung<br><\/strong>Die EU-Kommission hat eine Internetplattform zur Online-Beilegung von Streitigkeiten geschaffen. Die Plattform dient als Anlaufstelle zur au\u00dfergerichtlichen Beilegung von Streitigkeiten betreffend vertragliche Verpflichtungen, die aus Online-Kaufvertr\u00e4gen erwachsen.&nbsp;N\u00e4here Informationen sind unter dem folgenden Link verf\u00fcgbar: <a href=\"http:\/\/ec.europa.eu\/consumers\/odr\">http:\/\/ec.europa.eu\/consumers\/odr<\/a>.Wir sind zur Beilegung von Streitigkeiten mit Verbrauchern zur Teilnahme an einem Streitbeilegungsverfahren vor einer Verbraucherschlichtungsstelle bereit oder gem\u00e4\u00df XXX (Angabe der Rechtsnorm oder der vertraglichen Vereinbarung) verpflichtet. Die zust\u00e4ndige Verbraucherschlichtungsstelle ist: Universalschlichtungsstelle des Bundes Zentrum f\u00fcr Schlichtung e.V., Stra\u00dfburger Stra\u00dfe 8, 77694 Kehl am Rhein, www.verbraucher-schlichter.de. Zur Beilegung der genannten Streitigkeiten werden wir in einem Streitbeilegungsverfahren vor dieser Stelle teilnehmen.<br><br><em><u>Alternativ:<\/u><\/em><\/p>\n\n\n\n<p>Die EU-Kommission hat eine Internetplattform zur Online-Beilegung von Streitigkeiten geschaffen. Die Plattform dient als Anlaufstelle zur au\u00dfergerichtlichen Beilegung von Streitigkeiten betreffend vertragliche Verpflichtungen, die aus Online-Kaufvertr\u00e4gen erwachsen. N\u00e4here Informationen sind unter dem folgenden Link verf\u00fcgbar: <a href=\"http:\/\/ec.europa.eu\/consumers\/odr\">http:\/\/ec.europa.eu\/consumers\/odr<\/a>. Zur Teilnahme an einem Streitbeilegungsverfahren vor einer Verbraucherschlichtungsstelle sind wir weder bereit noch verpflichtet.<\/p>\n\n\n\n<p><\/p>\n","protected":false},"excerpt":{"rendered":"<p>GeltungsbereichF\u00fcr alle Lieferungen von www.gatta-berlin.de an Verbraucher gelten diese Allgemeinen Gesch\u00e4ftsbedingungen (AGB).Verbraucher ist jede nat\u00fcrliche Person, die ein Rechtsgesch\u00e4ft zu einem Zwecke abschlie\u00dft, der \u00fcberwiegend weder ihrer gewerblichen noch ihrer selbstst\u00e4ndigen beruflichen T\u00e4tigkeit zugerechnet werden kann. VertragspartnerDer Kaufvertrag kommt zustande mit www.gatta-berlin.de Inhaber: Mariella Gatta, Bergmannstra\u00dfe 15, 10961 Berlin Vertragsschluss Die Darstellung der Produkte im [&hellip;]<\/p>\n","protected":false},"author":1,"featured_media":0,"parent":0,"menu_order":0,"comment_status":"closed","ping_status":"closed","template":"","meta":{"footnotes":""},"class_list":["post-155","page","type-page","status-publish","hentry"],"jetpack_sharing_enabled":true,"_links":{"self":[{"href":"https:\/\/gatta-berlin.de\/index.php\/wp-json\/wp\/v2\/pages\/155","targetHints":{"allow":["GET"]}}],"collection":[{"href":"https:\/\/gatta-berlin.de\/index.php\/wp-json\/wp\/v2\/pages"}],"about":[{"href":"https:\/\/gatta-berlin.de\/index.php\/wp-json\/wp\/v2\/types\/page"}],"author":[{"embeddable":true,"href":"https:\/\/gatta-berlin.de\/index.php\/wp-json\/wp\/v2\/users\/1"}],"replies":[{"embeddable":true,"href":"https:\/\/gatta-berlin.de\/index.php\/wp-json\/wp\/v2\/comments?post=155"}],"version-history":[{"count":3,"href":"https:\/\/gatta-berlin.de\/index.php\/wp-json\/wp\/v2\/pages\/155\/revisions"}],"predecessor-version":[{"id":2767,"href":"https:\/\/gatta-berlin.de\/index.php\/wp-json\/wp\/v2\/pages\/155\/revisions\/2767"}],"wp:attachment":[{"href":"https:\/\/gatta-berlin.de\/index.php\/wp-json\/wp\/v2\/media?parent=155"}],"curies":[{"name":"wp","href":"https:\/\/api.w.org\/{rel}","templated":true}]}}